{"id":8,"date":"2025-05-12T15:31:10","date_gmt":"2025-05-12T13:31:10","guid":{"rendered":"http:\/\/www.sissismida.art\/?page_id=8"},"modified":"2025-05-26T12:15:03","modified_gmt":"2025-05-26T10:15:03","slug":"accueil","status":"publish","type":"page","link":"https:\/\/www.sissismida.art\/","title":{"rendered":"Accueil"},"content":{"rendered":"\t\t<div data-elementor-type=\"wp-page\" data-elementor-id=\"8\" class=\"elementor elementor-8\">\n\t\t\t\t<div class=\"elementor-element elementor-element-08d6f9d e-con-full e-flex e-con e-parent\" data-id=\"08d6f9d\" data-element_type=\"container\">\n\t\t\t\t<div class=\"elementor-element elementor-element-8f8046a elementor-widget elementor-widget-spacer\" data-id=\"8f8046a\" data-element_type=\"widget\" data-widget_type=\"spacer.default\">\n\t\t\t\t<div class=\"elementor-widget-container\">\n\t\t\t\t\t\t\t<div class=\"elementor-spacer\">\n\t\t\t<div class=\"elementor-spacer-inner\"><\/div>\n\t\t<\/div>\n\t\t\t\t\t\t<\/div>\n\t\t\t\t<\/div>\n\t\t\t\t<div class=\"elementor-element elementor-element-8d72e15 elementor-widget elementor-widget-spacer\" data-id=\"8d72e15\" data-element_type=\"widget\" data-widget_type=\"spacer.default\">\n\t\t\t\t<div class=\"elementor-widget-container\">\n\t\t\t\t\t\t\t<div class=\"elementor-spacer\">\n\t\t\t<div class=\"elementor-spacer-inner\"><\/div>\n\t\t<\/div>\n\t\t\t\t\t\t<\/div>\n\t\t\t\t<\/div>\n\t\t\t\t<\/div>\n\t\t<div class=\"elementor-element elementor-element-dc57adc e-flex e-con-boxed e-con e-parent\" data-id=\"dc57adc\" data-element_type=\"container\">\n\t\t\t\t\t<div class=\"e-con-inner\">\n\t\t\t\t<div class=\"elementor-element elementor-element-f64dccb elementor-widget elementor-widget-spacer\" data-id=\"f64dccb\" data-element_type=\"widget\" data-widget_type=\"spacer.default\">\n\t\t\t\t<div class=\"elementor-widget-container\">\n\t\t\t\t\t\t\t<div class=\"elementor-spacer\">\n\t\t\t<div class=\"elementor-spacer-inner\"><\/div>\n\t\t<\/div>\n\t\t\t\t\t\t<\/div>\n\t\t\t\t<\/div>\n\t\t\t\t<div class=\"elementor-element elementor-element-22c3f1c elementor-widget elementor-widget-image\" data-id=\"22c3f1c\" data-element_type=\"widget\" data-widget_type=\"image.default\">\n\t\t\t\t<div class=\"elementor-widget-container\">\n\t\t\t\t\t\t\t\t\t\t\t\t\t\t\t<img fetchpriority=\"high\" decoding=\"async\" width=\"300\" height=\"300\" src=\"https:\/\/www.sissismida.art\/wp-content\/uploads\/2025\/05\/image0-300x300.jpeg\" class=\"attachment-medium size-medium wp-image-21\" alt=\"photo de Sirine Smida\" srcset=\"https:\/\/www.sissismida.art\/wp-content\/uploads\/2025\/05\/image0-300x300.jpeg 300w, https:\/\/www.sissismida.art\/wp-content\/uploads\/2025\/05\/image0-150x150.jpeg 150w, https:\/\/www.sissismida.art\/wp-content\/uploads\/2025\/05\/image0.jpeg 640w\" sizes=\"(max-width: 300px) 100vw, 300px\" \/>\t\t\t\t\t\t\t\t\t\t\t\t\t\t\t<\/div>\n\t\t\t\t<\/div>\n\t\t\t\t\t<\/div>\n\t\t\t\t<\/div>\n\t\t<div class=\"elementor-element elementor-element-317064d e-con-full e-flex e-con e-parent\" data-id=\"317064d\" data-element_type=\"container\">\n\t\t\t\t<div class=\"elementor-element elementor-element-f1a27a1 elementor-widget elementor-widget-text-editor\" data-id=\"f1a27a1\" data-element_type=\"widget\" data-widget_type=\"text-editor.default\">\n\t\t\t\t<div class=\"elementor-widget-container\">\n\t\t\t\t\t\t\t\t\t<p>Depuis l\u2019enfance, je vis au rythme des couleurs, des mati\u00e8res et des gestes qui donnent vie. Peindre a \u00e9t\u00e9 mon premier langage, h\u00e9rit\u00e9 d\u2019un univers familial baign\u00e9 d\u2019art. Aux Beaux-Arts, j\u2019ai appris \u00e0 structurer mes id\u00e9es, \u00e0 m\u00ealer forme et fonction \u00e0 travers le design produit. Puis sont venues la mosa\u00efque, la poterie, la maroquinerie, la r\u00e9sine\u2026 autant de chemins cr\u00e9atifs qui nourrissent mon regard. J\u2019aime aussi redonner une \u00e2me aux meubles anciens, les transformer sans effacer leur histoire. Mon art est fait de m\u00e9tissages, d\u2019intuitions, de mains en mouvement \u2014 un atelier vivant o\u00f9 tout se construit, se transforme, se raconte<\/p>\t\t\t\t\t\t\t\t<\/div>\n\t\t\t\t<\/div>\n\t\t\t\t<div class=\"elementor-element elementor-element-9b25caf elementor-widget elementor-widget-spacer\" data-id=\"9b25caf\" data-element_type=\"widget\" data-widget_type=\"spacer.default\">\n\t\t\t\t<div class=\"elementor-widget-container\">\n\t\t\t\t\t\t\t<div class=\"elementor-spacer\">\n\t\t\t<div class=\"elementor-spacer-inner\"><\/div>\n\t\t<\/div>\n\t\t\t\t\t\t<\/div>\n\t\t\t\t<\/div>\n\t\t\t\t<\/div>\n\t\t<div class=\"elementor-element elementor-element-d40352d e-flex e-con-boxed e-con e-parent\" data-id=\"d40352d\" data-element_type=\"container\">\n\t\t\t\t\t<div class=\"e-con-inner\">\n\t\t\t\t<div class=\"elementor-element elementor-element-05a5655 elementor-widget elementor-widget-heading\" data-id=\"05a5655\" data-element_type=\"widget\" data-widget_type=\"heading.default\">\n\t\t\t\t<div class=\"elementor-widget-container\">\n\t\t\t\t\t<h2 class=\"elementor-heading-title elementor-size-default\">Contact<\/h2>\t\t\t\t<\/div>\n\t\t\t\t<\/div>\n\t\t\t\t<div class=\"elementor-element elementor-element-18cff99 elementor-widget elementor-widget-shortcode\" data-id=\"18cff99\" data-element_type=\"widget\" data-widget_type=\"shortcode.default\">\n\t\t\t\t<div class=\"elementor-widget-container\">\n\t\t\t\t\t\t\t<div class=\"elementor-shortcode\">\n<div class=\"wpcf7 no-js\" id=\"wpcf7-f61-o1\" lang=\"fr-FR\" dir=\"ltr\" data-wpcf7-id=\"61\">\n<div class=\"screen-reader-response\"><p role=\"status\" aria-live=\"polite\" aria-atomic=\"true\"><\/p> <ul><\/ul><\/div>\n<form action=\"\/index.php?rest_route=%2Fwp%2Fv2%2Fpages%2F8#wpcf7-f61-o1\" method=\"post\" class=\"wpcf7-form init\" aria-label=\"Formulaire de contact\" novalidate=\"novalidate\" data-status=\"init\">\n<div style=\"display: none;\">\n<input type=\"hidden\" name=\"_wpcf7\" value=\"61\" \/>\n<input type=\"hidden\" name=\"_wpcf7_version\" value=\"6.0.6\" \/>\n<input type=\"hidden\" name=\"_wpcf7_locale\" value=\"fr_FR\" \/>\n<input type=\"hidden\" name=\"_wpcf7_unit_tag\" value=\"wpcf7-f61-o1\" \/>\n<input type=\"hidden\" name=\"_wpcf7_container_post\" value=\"0\" \/>\n<input type=\"hidden\" name=\"_wpcf7_posted_data_hash\" value=\"\" \/>\n<\/div>\n<p><label> Votre nom<br \/>\n<span class=\"wpcf7-form-control-wrap\" data-name=\"your-name\"><input size=\"40\" maxlength=\"400\" class=\"wpcf7-form-control wpcf7-text wpcf7-validates-as-required\" autocomplete=\"name\" aria-required=\"true\" aria-invalid=\"false\" value=\"\" type=\"text\" name=\"your-name\" \/><\/span> <\/label>\n<\/p>\n<p><label> Votre e-mail<br \/>\n<span class=\"wpcf7-form-control-wrap\" data-name=\"your-email\"><input size=\"40\" maxlength=\"400\" class=\"wpcf7-form-control wpcf7-email wpcf7-validates-as-required wpcf7-text wpcf7-validates-as-email\" autocomplete=\"email\" aria-required=\"true\" aria-invalid=\"false\" value=\"\" type=\"email\" name=\"your-email\" \/><\/span> <\/label>\n<\/p>\n<p><label> Objet<br \/>\n<span class=\"wpcf7-form-control-wrap\" data-name=\"your-subject\"><input size=\"40\" maxlength=\"400\" class=\"wpcf7-form-control wpcf7-text wpcf7-validates-as-required\" aria-required=\"true\" aria-invalid=\"false\" value=\"\" type=\"text\" name=\"your-subject\" \/><\/span> <\/label>\n<\/p>\n<p><label> Votre message<br \/>\n<span class=\"wpcf7-form-control-wrap\" data-name=\"your-message\"><textarea cols=\"40\" rows=\"10\" maxlength=\"2000\" class=\"wpcf7-form-control wpcf7-textarea\" aria-invalid=\"false\" name=\"your-message\"><\/textarea><\/span> <\/label>\n<\/p>\n<p><input class=\"wpcf7-form-control wpcf7-submit has-spinner\" type=\"submit\" value=\"Envoyer\" \/>\n<\/p><div class=\"wpcf7-response-output\" aria-hidden=\"true\"><\/div>\n<\/form>\n<\/div>\n<\/div>\n\t\t\t\t\t\t<\/div>\n\t\t\t\t<\/div>\n\t\t\t\t<div class=\"elementor-element elementor-element-5ec1875 elementor-widget elementor-widget-spacer\" data-id=\"5ec1875\" data-element_type=\"widget\" data-widget_type=\"spacer.default\">\n\t\t\t\t<div class=\"elementor-widget-container\">\n\t\t\t\t\t\t\t<div class=\"elementor-spacer\">\n\t\t\t<div class=\"elementor-spacer-inner\"><\/div>\n\t\t<\/div>\n\t\t\t\t\t\t<\/div>\n\t\t\t\t<\/div>\n\t\t\t\t\t<\/div>\n\t\t\t\t<\/div>\n\t\t<div class=\"elementor-element elementor-element-d0b22a4 e-con-full e-flex e-con e-parent\" data-id=\"d0b22a4\" data-element_type=\"container\">\n\t\t\t\t<div class=\"elementor-element elementor-element-8e8920d elementor-widget elementor-widget-heading\" data-id=\"8e8920d\" data-element_type=\"widget\" data-widget_type=\"heading.default\">\n\t\t\t\t<div class=\"elementor-widget-container\">\n\t\t\t\t\t<h2 class=\"elementor-heading-title elementor-size-default\">Nos coordonn\u00e9es :<\/h2>\t\t\t\t<\/div>\n\t\t\t\t<\/div>\n\t\t\t\t<\/div>\n\t\t<div class=\"elementor-element elementor-element-5814b09 e-flex e-con-boxed e-con e-parent\" data-id=\"5814b09\" data-element_type=\"container\">\n\t\t\t\t\t<div class=\"e-con-inner\">\n\t\t\t\t<div class=\"elementor-element elementor-element-fb1c423 elementor-widget elementor-widget-image\" data-id=\"fb1c423\" data-element_type=\"widget\" data-widget_type=\"image.default\">\n\t\t\t\t<div class=\"elementor-widget-container\">\n\t\t\t\t\t\t\t\t\t\t\t\t\t\t\t<img decoding=\"async\" width=\"750\" height=\"222\" src=\"https:\/\/www.sissismida.art\/wp-content\/uploads\/2025\/05\/coordonnees-sirine-1.png\" class=\"attachment-large size-large wp-image-154\" alt=\"\" srcset=\"https:\/\/www.sissismida.art\/wp-content\/uploads\/2025\/05\/coordonnees-sirine-1.png 769w, https:\/\/www.sissismida.art\/wp-content\/uploads\/2025\/05\/coordonnees-sirine-1-300x89.png 300w\" sizes=\"(max-width: 750px) 100vw, 750px\" \/>\t\t\t\t\t\t\t\t\t\t\t\t\t\t\t<\/div>\n\t\t\t\t<\/div>\n\t\t\t\t\t<\/div>\n\t\t\t\t<\/div>\n\t\t\t\t<\/div>\n\t\t","protected":false},"excerpt":{"rendered":"<p>Depuis l\u2019enfance, je vis au rythme des couleurs, des mati\u00e8res et des gestes qui donnent vie. Peindre a \u00e9t\u00e9 mon premier langage, h\u00e9rit\u00e9 d\u2019un univers familial baign\u00e9 d\u2019art. Aux Beaux-Arts, j\u2019ai appris \u00e0 structurer mes id\u00e9es, \u00e0 m\u00ealer forme et fonction \u00e0 travers le design produit. Puis sont venues la [&hellip;]<\/p>\n","protected":false},"author":1,"featured_media":0,"parent":0,"menu_order":0,"comment_status":"closed","ping_status":"closed","template":"page-templates\/template-pagebuilder-full-width.php","meta":{"footnotes":""},"class_list":["post-8","page","type-page","status-publish","hentry"],"_links":{"self":[{"href":"https:\/\/www.sissismida.art\/index.php?rest_route=\/wp\/v2\/pages\/8","targetHints":{"allow":["GET"]}}],"collection":[{"href":"https:\/\/www.sissismida.art\/index.php?rest_route=\/wp\/v2\/pages"}],"about":[{"href":"https:\/\/www.sissismida.art\/index.php?rest_route=\/wp\/v2\/types\/page"}],"author":[{"embeddable":true,"href":"https:\/\/www.sissismida.art\/index.php?rest_route=\/wp\/v2\/users\/1"}],"replies":[{"embeddable":true,"href":"https:\/\/www.sissismida.art\/index.php?rest_route=%2Fwp%2Fv2%2Fcomments&post=8"}],"version-history":[{"count":26,"href":"https:\/\/www.sissismida.art\/index.php?rest_route=\/wp\/v2\/pages\/8\/revisions"}],"predecessor-version":[{"id":437,"href":"https:\/\/www.sissismida.art\/index.php?rest_route=\/wp\/v2\/pages\/8\/revisions\/437"}],"wp:attachment":[{"href":"https:\/\/www.sissismida.art\/index.php?rest_route=%2Fwp%2Fv2%2Fmedia&parent=8"}],"curies":[{"name":"wp","href":"https:\/\/api.w.org\/{rel}","templated":true}]}}