{"id":3,"date":"2025-05-12T15:01:34","date_gmt":"2025-05-12T13:01:34","guid":{"rendered":"http:\/\/www.sissismida.art\/?page_id=3"},"modified":"2025-05-25T13:30:42","modified_gmt":"2025-05-25T11:30:42","slug":"politique-de-confidentialite","status":"publish","type":"page","link":"https:\/\/www.sissismida.art\/?page_id=3","title":{"rendered":"Mentions l\u00e9gales"},"content":{"rendered":"\t\t<div data-elementor-type=\"wp-page\" data-elementor-id=\"3\" class=\"elementor elementor-3\">\n\t\t\t\t<div class=\"elementor-element elementor-element-4de14fe8 e-flex e-con-boxed e-con e-parent\" data-id=\"4de14fe8\" data-element_type=\"container\">\n\t\t\t\t\t<div class=\"e-con-inner\">\n\t\t\t\t<div class=\"elementor-element elementor-element-c5943d0 elementor-widget elementor-widget-spacer\" data-id=\"c5943d0\" data-element_type=\"widget\" data-widget_type=\"spacer.default\">\n\t\t\t\t<div class=\"elementor-widget-container\">\n\t\t\t\t\t\t\t<div class=\"elementor-spacer\">\n\t\t\t<div class=\"elementor-spacer-inner\"><\/div>\n\t\t<\/div>\n\t\t\t\t\t\t<\/div>\n\t\t\t\t<\/div>\n\t\t\t\t\t<\/div>\n\t\t\t\t<\/div>\n\t\t<div class=\"elementor-element elementor-element-4d05cd6 e-flex e-con-boxed e-con e-parent\" data-id=\"4d05cd6\" data-element_type=\"container\">\n\t\t\t\t\t<div class=\"e-con-inner\">\n\t\t\t\t<div class=\"elementor-element elementor-element-a41951b elementor-widget elementor-widget-heading\" data-id=\"a41951b\" data-element_type=\"widget\" data-widget_type=\"heading.default\">\n\t\t\t\t<div class=\"elementor-widget-container\">\n\t\t\t\t\t<h2 class=\"elementor-heading-title elementor-size-default\">Mentions l\u00e9gales <\/h2>\t\t\t\t<\/div>\n\t\t\t\t<\/div>\n\t\t\t\t\t<\/div>\n\t\t\t\t<\/div>\n\t\t<div class=\"elementor-element elementor-element-81c36d3 e-con-full e-flex e-con e-parent\" data-id=\"81c36d3\" data-element_type=\"container\">\n\t\t\t\t<div class=\"elementor-element elementor-element-ae14ee5 elementor-widget__width-initial elementor-widget elementor-widget-text-editor\" data-id=\"ae14ee5\" data-element_type=\"widget\" data-widget_type=\"text-editor.default\">\n\t\t\t\t<div class=\"elementor-widget-container\">\n\t\t\t\t\t\t\t\t\t<pre>\nEditeur du site\nSMIDA Sirine\n\n\n\nH\u00e9bergeur du site\nDarwin Solutions SARL<\/pre><p>T\u00e9l. +33 (0)6 75 75 92 75<\/p><p>Mail.\u00a0 feki@darwin-solutions.eu<\/p><p>Conditions d\u2019utilisation Le site accessible par l\u2019URL (Uniform Resource Locator = adresse de site Internet) sissismida.art est exploit\u00e9 dans le respect des l\u00e9gislations fran\u00e7aise et europ\u00e9enne.<\/p><p>L\u2019utilisateur reconna\u00eet avoir pris connaissance des pr\u00e9sentes conditions d\u2019utilisation et s\u2018engage \u00e0 les respecter.<\/p><p>L\u2019utilisateur du site Internet sissismida.art reconna\u00eet disposer de la comp\u00e9tence et des moyens n\u00e9cessaires pour acc\u00e9der et utiliser ce site.<\/p><p>L\u2019utilisateur du site Internet sissismida.art reconna\u00eet avoir v\u00e9rifi\u00e9 que la configuration informatique utilis\u00e9e ne contient aucun virus et qu\u2019elle est en parfait \u00e9tat de fonctionnement.<\/p><p>L\u2019Editeur met tout en \u0153uvre pour offrir aux utilisateurs des informations et\/ou des outils disponibles et v\u00e9rifi\u00e9s mais ne saurait \u00eatre tenu pour responsable des erreurs, d\u2019une absence de disponibilit\u00e9 des fonctionnalit\u00e9s et\/ou de la pr\u00e9sence de virus sur son site.<\/p><p>Tout contenu t\u00e9l\u00e9charg\u00e9 se fait aux risques et p\u00e9rils de l\u2019utilisateur et sous sa seule responsabilit\u00e9. En cons\u00e9quence, l\u2019Editeur ne saurait \u00eatre tenu responsable d\u2019un quelconque dommage subi par l\u2019ordinateur de l\u2019utilisateur ou d\u2019une quelconque perte de donn\u00e9es cons\u00e9cutives au t\u00e9l\u00e9chargement.<\/p><p>Les informations fournies par ce site le sont \u00e0 titre indicatif et ne sauraient dispenser l\u2019utilisateur d\u2019une analyse compl\u00e9mentaire et personnalis\u00e9e.<\/p><p>L\u2019\u00e9diteur saurait garantir l\u2019exactitude, la compl\u00e9tude, l\u2019actualit\u00e9 des informations diffus\u00e9es sur son site. En cons\u00e9quence, l\u2019utilisateur reconna\u00eet utiliser ces informations sous sa responsabilit\u00e9 exclusive.<\/p><p>L\u2019utilisateur est inform\u00e9 que lors de ses visites sur le site, un cookie peut s\u2019installer automatiquement sur son logiciel de navigation.<\/p><p>Le cookie est un bloc de donn\u00e9es qui ne permet pas d\u2019identifier les utilisateurs mais sert \u00e0 enregistrer des informations relatives \u00e0 la navigation de celui-ci sur le site.<\/p><p>Le param\u00e9trage du logiciel de navigation permet d\u2019informer de la pr\u00e9sence de cookies et, \u00e9ventuellement, de la refuser de la mani\u00e8re d\u00e9crite \u00e0 l\u2019adresse suivante : www.cnil.fr.<\/p><p>L\u2019utilisateur dispose de l\u2019ensemble des droits susvis\u00e9s s\u2019agissant des donn\u00e9es \u00e0 caract\u00e8re personnel communiqu\u00e9es par le biais des cookies dans les conditions indiqu\u00e9es ci-dessus.<\/p><p>Les utilisateurs du site Internet sont tenus de respecter les dispositions de la loi n\u00b078-17 du 6 janvier 1978 modifi\u00e9e, relative \u00e0 l\u2019informatique, aux fichiers et aux libert\u00e9s, dont la violation est passible de sanctions p\u00e9nales.<\/p><p>La structure g\u00e9n\u00e9rale ainsi que les logiciels, textes, images anim\u00e9es ou non, son savoir-faire et tous les autres \u00e9l\u00e9ments composant le site sont la propri\u00e9t\u00e9 exclusive de Sirine Smida.<\/p><p>Toute repr\u00e9sentation ou reproduction, traduction, adaptation, transformation, totale ou partielle de ce site et de ses contenus par quelle que personne que ce soit, sans l\u2019autorisation expresse de Sirine Smida, est interdite et constituerait une contrefa\u00e7on sanctionn\u00e9e par les articles L. 335-2 et suivants du Code de la propri\u00e9t\u00e9 intellectuelle.<\/p><p>La personne qui reproduit sans autorisation de l\u2019auteur une \u0153uvre sur un serveur Internet pour mettre celle-ci \u00e0 la disposition du public commet un acte de contrefa\u00e7on (articles L 335-2 et L 716-9 du CPI). La contrefa\u00e7on est un d\u00e9lit civil (passible de dommages-int\u00e9r\u00eats) et un d\u00e9lit p\u00e9nal (passible d\u2019un emprisonnement de deux ans et d\u2019une amende de 150 000 euros).<\/p><p>La contrefa\u00e7on couvre toutes les reproductions et diffusions illicites, c\u2019est-\u00e0-dire non autoris\u00e9es. Il en est de m\u00eame des bases de donn\u00e9es figurant, le cas \u00e9ch\u00e9ant, sur le site Web, qui sont prot\u00e9g\u00e9es par les dispositions de la loi du 1er juillet 1998 portant transposition dans le Code de la propri\u00e9t\u00e9 intellectuelle de la directive du 11 mars 1996 relative \u00e0 la protection juridique des bases de donn\u00e9es.<\/p><p>Les marques ainsi que les logos figurant, le cas \u00e9ch\u00e9ant, sur le site sont des marques d\u00e9pos\u00e9es. Toute reproduction totale ou partielle de ces marques ou de ces logos effectu\u00e9s \u00e0 partir des \u00e9l\u00e9ments du site sans l\u2019autorisation expresse de l\u2019Editeur est donc prohib\u00e9e au sens du Code de la propri\u00e9t\u00e9 intellectuelle.<\/p><p>Les utilisateurs et les visiteurs du site Internet ne peuvent mettre en place un hyperlien en direction de ce site sans l\u2019autorisation expresse et pr\u00e9alable de l\u2019Editeur.<\/p><p>L\u2019Editeur ne saurait \u00eatre responsable de l\u2019acc\u00e8s par les utilisateurs via les liens hypertextes mis en place dans le cadre du site Internet en direction d\u2019autres ressources pr\u00e9sentes sur le r\u00e9seau.<\/p><p>Tout litige en relation avec l\u2019utilisation du site est soumis au droit fran\u00e7ais.<\/p><p>L\u2019\u00c9diteur est \u00e0 votre disposition pour tous commentaires ou toutes suggestions.<\/p><p>Vous pouvez lui \u00e9crire par courrier \u00e9lectronique \u00e0 sirinesmida@gmail.com<\/p>\t\t\t\t\t\t\t\t<\/div>\n\t\t\t\t<\/div>\n\t\t\t\t<\/div>\n\t\t\t\t<\/div>\n\t\t","protected":false},"excerpt":{"rendered":"<p>Mentions l\u00e9gales Editeur du site SMIDA Sirine H\u00e9bergeur du site Darwin Solutions SARL T\u00e9l. +33 (0)6 75 75 92 75 Mail.\u00a0 feki@darwin-solutions.eu Conditions d\u2019utilisation Le site accessible par l\u2019URL (Uniform Resource Locator = adresse de site Internet) sissismida.art est exploit\u00e9 dans le respect des l\u00e9gislations fran\u00e7aise et europ\u00e9enne. L\u2019utilisateur reconna\u00eet [&hellip;]<\/p>\n","protected":false},"author":1,"featured_media":0,"parent":0,"menu_order":0,"comment_status":"closed","ping_status":"open","template":"","meta":{"footnotes":""},"class_list":["post-3","page","type-page","status-publish","hentry"],"_links":{"self":[{"href":"https:\/\/www.sissismida.art\/index.php?rest_route=\/wp\/v2\/pages\/3","targetHints":{"allow":["GET"]}}],"collection":[{"href":"https:\/\/www.sissismida.art\/index.php?rest_route=\/wp\/v2\/pages"}],"about":[{"href":"https:\/\/www.sissismida.art\/index.php?rest_route=\/wp\/v2\/types\/page"}],"author":[{"embeddable":true,"href":"https:\/\/www.sissismida.art\/index.php?rest_route=\/wp\/v2\/users\/1"}],"replies":[{"embeddable":true,"href":"https:\/\/www.sissismida.art\/index.php?rest_route=%2Fwp%2Fv2%2Fcomments&post=3"}],"version-history":[{"count":16,"href":"https:\/\/www.sissismida.art\/index.php?rest_route=\/wp\/v2\/pages\/3\/revisions"}],"predecessor-version":[{"id":434,"href":"https:\/\/www.sissismida.art\/index.php?rest_route=\/wp\/v2\/pages\/3\/revisions\/434"}],"wp:attachment":[{"href":"https:\/\/www.sissismida.art\/index.php?rest_route=%2Fwp%2Fv2%2Fmedia&parent=3"}],"curies":[{"name":"wp","href":"https:\/\/api.w.org\/{rel}","templated":true}]}}