{"id":12,"date":"2025-05-12T15:32:31","date_gmt":"2025-05-12T13:32:31","guid":{"rendered":"http:\/\/www.sissismida.art\/?page_id=12"},"modified":"2025-05-22T16:38:07","modified_gmt":"2025-05-22T14:38:07","slug":"a-propos","status":"publish","type":"page","link":"https:\/\/www.sissismida.art\/?page_id=12","title":{"rendered":"A propos"},"content":{"rendered":"\t\t<div data-elementor-type=\"wp-page\" data-elementor-id=\"12\" class=\"elementor elementor-12\">\n\t\t\t\t<div class=\"elementor-element elementor-element-a660cae e-flex e-con-boxed e-con e-parent\" data-id=\"a660cae\" data-element_type=\"container\">\n\t\t\t\t\t<div class=\"e-con-inner\">\n\t\t\t\t<div class=\"elementor-element elementor-element-eae035c elementor-widget elementor-widget-spacer\" data-id=\"eae035c\" data-element_type=\"widget\" data-widget_type=\"spacer.default\">\n\t\t\t\t<div class=\"elementor-widget-container\">\n\t\t\t\t\t\t\t<div class=\"elementor-spacer\">\n\t\t\t<div class=\"elementor-spacer-inner\"><\/div>\n\t\t<\/div>\n\t\t\t\t\t\t<\/div>\n\t\t\t\t<\/div>\n\t\t\t\t<div class=\"elementor-element elementor-element-4ddfd6e elementor-widget elementor-widget-spacer\" data-id=\"4ddfd6e\" data-element_type=\"widget\" data-widget_type=\"spacer.default\">\n\t\t\t\t<div class=\"elementor-widget-container\">\n\t\t\t\t\t\t\t<div class=\"elementor-spacer\">\n\t\t\t<div class=\"elementor-spacer-inner\"><\/div>\n\t\t<\/div>\n\t\t\t\t\t\t<\/div>\n\t\t\t\t<\/div>\n\t\t\t\t\t<\/div>\n\t\t\t\t<\/div>\n\t\t<div class=\"elementor-element elementor-element-d33ac6b e-con-full e-flex e-con e-parent\" data-id=\"d33ac6b\" data-element_type=\"container\">\n\t\t\t\t<div class=\"elementor-element elementor-element-0b4085a elementor-widget elementor-widget-image\" data-id=\"0b4085a\" data-element_type=\"widget\" data-widget_type=\"image.default\">\n\t\t\t\t<div class=\"elementor-widget-container\">\n\t\t\t\t\t\t\t\t\t\t\t\t\t\t\t<img fetchpriority=\"high\" decoding=\"async\" width=\"300\" height=\"300\" src=\"https:\/\/www.sissismida.art\/wp-content\/uploads\/2025\/05\/image0-300x300.jpeg\" class=\"attachment-medium size-medium wp-image-21\" alt=\"photo de Sirine Smida\" srcset=\"https:\/\/www.sissismida.art\/wp-content\/uploads\/2025\/05\/image0-300x300.jpeg 300w, https:\/\/www.sissismida.art\/wp-content\/uploads\/2025\/05\/image0-150x150.jpeg 150w, https:\/\/www.sissismida.art\/wp-content\/uploads\/2025\/05\/image0.jpeg 640w\" sizes=\"(max-width: 300px) 100vw, 300px\" \/>\t\t\t\t\t\t\t\t\t\t\t\t\t\t\t<\/div>\n\t\t\t\t<\/div>\n\t\t\t\t<div class=\"elementor-element elementor-element-6a3e7e6 elementor-widget elementor-widget-text-editor\" data-id=\"6a3e7e6\" data-element_type=\"widget\" data-widget_type=\"text-editor.default\">\n\t\t\t\t<div class=\"elementor-widget-container\">\n\t\t\t\t\t\t\t\t\t<p>Depuis l\u2019enfance, je vis au rythme des couleurs, des mati\u00e8res et des gestes qui donnent vie. Peindre a \u00e9t\u00e9 mon premier langage, h\u00e9rit\u00e9 d\u2019un univers familial baign\u00e9 d\u2019art. Aux Beaux-Arts, j\u2019ai appris \u00e0 structurer mes id\u00e9es, \u00e0 m\u00ealer forme et fonction \u00e0 travers le design produit. Puis sont venues la mosa\u00efque, la poterie, la maroquinerie, la r\u00e9sine\u2026 autant de chemins cr\u00e9atifs qui nourrissent mon regard. J\u2019aime aussi redonner une \u00e2me aux meubles anciens, les transformer sans effacer leur histoire. Mon art est fait de m\u00e9tissages, d\u2019intuitions, de mains en mouvement \u2014 un atelier vivant o\u00f9 tout se construit, se transforme, se raconte<\/p>\t\t\t\t\t\t\t\t<\/div>\n\t\t\t\t<\/div>\n\t\t\t\t<\/div>\n\t\t\t\t<\/div>\n\t\t","protected":false},"excerpt":{"rendered":"<p>Depuis l\u2019enfance, je vis au rythme des couleurs, des mati\u00e8res et des gestes qui donnent vie. Peindre a \u00e9t\u00e9 mon premier langage, h\u00e9rit\u00e9 d\u2019un univers familial baign\u00e9 d\u2019art. Aux Beaux-Arts, j\u2019ai appris \u00e0 structurer mes id\u00e9es, \u00e0 m\u00ealer forme et fonction \u00e0 travers le design produit. Puis sont venues la [&hellip;]<\/p>\n","protected":false},"author":1,"featured_media":0,"parent":0,"menu_order":0,"comment_status":"closed","ping_status":"closed","template":"page-templates\/template-pagebuilder-full-width.php","meta":{"footnotes":""},"class_list":["post-12","page","type-page","status-publish","hentry"],"_links":{"self":[{"href":"https:\/\/www.sissismida.art\/index.php?rest_route=\/wp\/v2\/pages\/12","targetHints":{"allow":["GET"]}}],"collection":[{"href":"https:\/\/www.sissismida.art\/index.php?rest_route=\/wp\/v2\/pages"}],"about":[{"href":"https:\/\/www.sissismida.art\/index.php?rest_route=\/wp\/v2\/types\/page"}],"author":[{"embeddable":true,"href":"https:\/\/www.sissismida.art\/index.php?rest_route=\/wp\/v2\/users\/1"}],"replies":[{"embeddable":true,"href":"https:\/\/www.sissismida.art\/index.php?rest_route=%2Fwp%2Fv2%2Fcomments&post=12"}],"version-history":[{"count":4,"href":"https:\/\/www.sissismida.art\/index.php?rest_route=\/wp\/v2\/pages\/12\/revisions"}],"predecessor-version":[{"id":329,"href":"https:\/\/www.sissismida.art\/index.php?rest_route=\/wp\/v2\/pages\/12\/revisions\/329"}],"wp:attachment":[{"href":"https:\/\/www.sissismida.art\/index.php?rest_route=%2Fwp%2Fv2%2Fmedia&parent=12"}],"curies":[{"name":"wp","href":"https:\/\/api.w.org\/{rel}","templated":true}]}}